{"id":31,"date":"2019-07-29T09:04:17","date_gmt":"2019-07-29T02:04:17","guid":{"rendered":"https:\/\/modeweltinstitute.com\/moneyland\/?page_id=31"},"modified":"2024-04-14T13:50:47","modified_gmt":"2024-04-14T06:50:47","slug":"gioi-thieu","status":"publish","type":"page","link":"https:\/\/daiconstructions.com\/vi\/gioi-thieu\/","title":{"rendered":"Gi\u1edbi thi\u1ec7u"},"content":{"rendered":"\n  <div class=\"banner has-hover\" id=\"banner-1502324973\">\n          <div class=\"banner-inner fill\">\n        <div class=\"banner-bg fill\" >\n            <div class=\"bg fill bg-fill \"><\/div>\n                        <div class=\"overlay\"><\/div>            \n                    <\/div><!-- bg-layers -->\n        <div class=\"banner-layers container\">\n            <div class=\"fill banner-link\"><\/div>            \n   <div id=\"text-box-437751398\" class=\"text-box banner-layer x50 md-x50 lg-x50 y50 md-y50 lg-y50 res-text\">\n                                <div class=\"text dark\">\n              \n              <div class=\"text-inner text-center\">\n                  \n<h3 class=\"uppercase\"><strong>GI\u1edaI THI\u1ec6U<\/strong><\/h3>\n              <\/div>\n           <\/div><!-- text-box-inner -->\n                            \n<style scope=\"scope\">\n\n#text-box-437751398 {\n  width: 60%;\n}\n#text-box-437751398 .text {\n  font-size: 100%;\n}\n<\/style>\n    <\/div><!-- text-box -->\n \n        <\/div><!-- .banner-layers -->\n      <\/div><!-- .banner-inner -->\n\n            \n<style scope=\"scope\">\n\n#banner-1502324973 {\n  padding-top: 300px;\n}\n#banner-1502324973 .bg.bg-loaded {\n  background-image: url(https:\/\/daiconstructions.com\/vi\/wp-content\/uploads\/2019\/07\/bg8-1024x315.jpg);\n}\n#banner-1502324973 .overlay {\n  background-color: rgba(12, 3, 3, 0.6);\n}\n<\/style>\n  <\/div><!-- .banner -->\n\n\n\t<section class=\"section\" id=\"section_1518419736\">\n\t\t<div class=\"bg section-bg fill bg-fill  bg-loaded\" >\n\n\t\t\t\n\t\t\t\n\t\t\t\n\n\t\t<\/div><!-- .section-bg -->\n\n\t\t<div class=\"section-content relative\">\n\t\t\t\n<div class=\"row\"  id=\"row-510609308\">\n<div class=\"col small-12 large-12\"  ><div class=\"col-inner\"  >\n<h2>H&amp;D CONSTRUCTIONS<\/h2>\n<p><strong>H&amp;D constructions<\/strong>\u00a0chuy\u00ean s\u1eeda ch\u1eefa nh\u00e0, ti\u1ec7m nails, nh\u00e0 h\u00e0ng v\u00e0 business.Ho\u00e0n t\u1ea5t basement, ph\u00f2ng kh\u00e1ch, nh\u00e0 t\u1eafm, sundesk, s\u01a1n trong ngo\u00e0i nh\u00e0,nh\u00e0 b\u1ebfp, t\u1ee7 b\u1ebfp, countertop, \u0111\u00e3 marble, granite, g\u1ea1ch, s\u00e0n g\u1ed7, c\u1ea7u thang, laminate, engineered hardwood flooring, window, door, c\u1eeda garage,casing, \u0111i\u1ec7n v\u00e0 n\u01b0\u1edbc crown moulding, baseboard panel, h\u00e0ng r\u00e0o c\u00e1c lo\u1ea1i<\/p>\n<\/div><\/div>\n<\/div>\n\t\t<\/div><!-- .section-content -->\n\n\t\t\n<style scope=\"scope\">\n\n#section_1518419736 {\n  padding-top: 30px;\n  padding-bottom: 30px;\n}\n<\/style>\n\t<\/section>\n\t\n\t<section class=\"section tieuchi\" id=\"section_1362214046\">\n\t\t<div class=\"bg section-bg fill bg-fill  bg-loaded\" >\n\n\t\t\t\n\t\t\t\n\t\t\t\n\n\t\t<\/div><!-- .section-bg -->\n\n\t\t<div class=\"section-content relative\">\n\t\t\t\n<div class=\"row\"  id=\"row-712356327\">\n<div class=\"col medium-4 small-12 large-4\"  ><div class=\"col-inner\"  >\n\n\t\t<div class=\"icon-box featured-box icon-box-center text-center\"  >\n\t\t\t\t\t<div class=\"icon-box-img\" style=\"width: 60px\">\n\t\t\t\t<div class=\"icon\">\n\t\t\t\t\t<div class=\"icon-inner\" >\n\t\t\t\t\t\t<img loading=\"lazy\" decoding=\"async\" width=\"80\" height=\"80\" src=\"https:\/\/daiconstructions.com\/vi\/wp-content\/uploads\/2019\/07\/bar-chart.png\" class=\"attachment-medium size-medium\" alt=\"\" \/>\t\t\t\t\t<\/div>\n\t\t\t\t<\/div>\n\t\t\t<\/div>\n\t\t\t\t<div class=\"icon-box-text last-reset\">\n\t\t\t\t\t\t\t\t\t\n<h3 style=\"text-align: center;\">T\u1ea7m nh\u00ecn Doanh nghi\u1ec7p<\/h3>\n<p style=\"text-align: center;\">Tr\u1edf th\u00e0nh m\u1ed9t trong nh\u1eefng Nh\u00e0 t\u01b0 v\u1ea5n, s\u1eeda ch\u1eefa nh\u00e0, c\u1eeda h\u00e0ng chuy\u00ean nghi\u1ec7p v\u00e0 uy t\u00edn nh\u1ea5t t\u1ea1i Vi\u1ec7t Nam<\/p>\n\t\t<\/div>\n\t<\/div><!-- .icon-box -->\n\t\n\t\n<\/div><\/div>\n<div class=\"col medium-4 small-12 large-4\"  ><div class=\"col-inner\"  >\n\n\t\t<div class=\"icon-box featured-box icon-box-center text-center\"  >\n\t\t\t\t\t<div class=\"icon-box-img\" style=\"width: 60px\">\n\t\t\t\t<div class=\"icon\">\n\t\t\t\t\t<div class=\"icon-inner\" >\n\t\t\t\t\t\t<img loading=\"lazy\" decoding=\"async\" width=\"80\" height=\"80\" src=\"https:\/\/daiconstructions.com\/vi\/wp-content\/uploads\/2019\/07\/contract.png\" class=\"attachment-medium size-medium\" alt=\"\" \/>\t\t\t\t\t<\/div>\n\t\t\t\t<\/div>\n\t\t\t<\/div>\n\t\t\t\t<div class=\"icon-box-text last-reset\">\n\t\t\t\t\t\t\t\t\t\n<h3 style=\"text-align: center;\">S\u1ee9 m\u1ec7nh c\u1ee7a ch\u00fang t\u00f4i<\/h3>\n<p style=\"text-align: center;\">L\u00e0 ch\u1ed7 \u0111\u00e1ng tin c\u1eadycho kh\u00e1ch h\u00e0ng, \u0111em l\u1ea1i nh\u1eefng s\u1ea3n ph\u1ea9m ho\u00e0n h\u1ea3o \u0111\u00e1p \u1ee9ng nhu c\u1ea7u c\u1ee7a kh\u00e1ch h\u00e0ng<\/p>\n\t\t<\/div>\n\t<\/div><!-- .icon-box -->\n\t\n\t\n<\/div><\/div>\n<div class=\"col medium-4 small-12 large-4\"  ><div class=\"col-inner\"  >\n\n\t\t<div class=\"icon-box featured-box icon-box-center text-center\"  >\n\t\t\t\t\t<div class=\"icon-box-img\" style=\"width: 60px\">\n\t\t\t\t<div class=\"icon\">\n\t\t\t\t\t<div class=\"icon-inner\" >\n\t\t\t\t\t\t<img loading=\"lazy\" decoding=\"async\" width=\"80\" height=\"80\" src=\"https:\/\/daiconstructions.com\/vi\/wp-content\/uploads\/2019\/07\/diamond.png\" class=\"attachment-medium size-medium\" alt=\"\" \/>\t\t\t\t\t<\/div>\n\t\t\t\t<\/div>\n\t\t\t<\/div>\n\t\t\t\t<div class=\"icon-box-text last-reset\">\n\t\t\t\t\t\t\t\t\t\n<h3 style=\"text-align: center;\">Gi\u00e1 tr\u1ecb c\u1ed1t l\u00f5i<\/h3>\n<p style=\"text-align: center;\">Ni\u1ec1m tin c\u1ee7a kh\u00e1ch h\u00e0ng l\u00e0 t\u00e0i s\u1ea3n v\u00f4 gi\u00e1! Ch\u00fang t\u00f4i lu\u00f4n t\u1eadn t\u00e2m v\u1edbi kh\u00e1ch h\u00e0ng, d\u00f9ng tr\u1ecdn ch\u1eef T\u00edn \u0111\u1ec3 t\u1ea1o d\u1ef1ng ni\u1ec1m tin n\u00e0y!<\/p>\n\t\t<\/div>\n\t<\/div><!-- .icon-box -->\n\t\n\t\n<\/div><\/div>\n<\/div>\n\t\t<\/div><!-- .section-content -->\n\n\t\t\n<style scope=\"scope\">\n\n#section_1362214046 {\n  padding-top: 45px;\n  padding-bottom: 45px;\n}\n<\/style>\n\t<\/section>\n\t\n\t<section class=\"section\" id=\"section_1959038152\">\n\t\t<div class=\"bg section-bg fill bg-fill  bg-loaded\" >\n\n\t\t\t\n\t\t\t\n\t\t\t\n\n\t\t<\/div><!-- .section-bg -->\n\n\t\t<div class=\"section-content relative\">\n\t\t\t\n<div class=\"row\"  id=\"row-498589401\">\n<div class=\"col small-12 large-12\"  ><div class=\"col-inner\"  >\n<div class=\"container section-title-container\" ><h2 class=\"section-title section-title-center\"><b><\/b><span class=\"section-title-main\" style=\"color:rgb(184, 0, 0);\">\u0110\u1ed1i t\u00e1c chi\u1ebfn l\u01b0\u1ee3c<\/span><b><\/b><\/h2><\/div><!-- .section-title -->\n<div class=\"row\"  id=\"row-314933941\">\n<div class=\"col small-12 large-12\"  ><div class=\"col-inner text-center\"  >\n<div class=\"ux-logo has-hover align-middle ux_logo inline-block\" style=\"max-width: 100%!important; width: 200.04545454545px!important\"><div class=\"ux-logo-link block image-color\" title=\"\" target=\"_self\" href=\"\" style=\"padding: 15px;\"><img decoding=\"async\" src=\"https:\/\/daiconstructions.com\/vi\/wp-content\/uploads\/2019\/07\/logo-vincity.png\" title=\"\" alt=\"\" class=\"ux-logo-image block\" style=\"height:129px;\" \/><\/div><\/div>\n<div class=\"ux-logo has-hover align-middle ux_logo inline-block\" style=\"max-width: 100%!important; width: 219.98181818182px!important\"><div class=\"ux-logo-link block image-color\" title=\"\" target=\"_self\" href=\"\" style=\"padding: 15px;\"><img decoding=\"async\" src=\"https:\/\/daiconstructions.com\/vi\/wp-content\/uploads\/2019\/07\/LOGO-VINHOME-CENTRAL-PARK.png\" title=\"\" alt=\"\" class=\"ux-logo-image block\" style=\"height:129px;\" \/><\/div><\/div>\n<div class=\"ux-logo has-hover align-middle ux_logo inline-block\" style=\"max-width: 100%!important; width: 171.9px!important\"><div class=\"ux-logo-link block image-color\" title=\"\" target=\"_self\" href=\"\" style=\"padding: 15px;\"><img decoding=\"async\" src=\"https:\/\/daiconstructions.com\/vi\/wp-content\/uploads\/2019\/07\/vic.png\" title=\"\" alt=\"\" class=\"ux-logo-image block\" style=\"height:129px;\" \/><\/div><\/div>\n<div class=\"ux-logo has-hover align-middle ux_logo inline-block\" style=\"max-width: 100%!important; width: 203.56363636364px!important\"><div class=\"ux-logo-link block image-color\" title=\"\" target=\"_self\" href=\"\" style=\"padding: 15px;\"><img decoding=\"async\" src=\"https:\/\/daiconstructions.com\/vi\/wp-content\/uploads\/2019\/07\/vinpearl.jpeg\" title=\"\" alt=\"\" class=\"ux-logo-image block\" style=\"height:129px;\" \/><\/div><\/div>\n<div class=\"ux-logo has-hover align-middle ux_logo inline-block\" style=\"max-width: 100%!important; width: 136.71818181818px!important\"><div class=\"ux-logo-link block image-color\" title=\"\" target=\"_self\" href=\"\" style=\"padding: 15px;\"><img decoding=\"async\" src=\"https:\/\/daiconstructions.com\/vi\/wp-content\/uploads\/2019\/07\/viec-lam-vincom.png\" title=\"\" alt=\"\" class=\"ux-logo-image block\" style=\"height:129px;\" \/><\/div><\/div>\n<\/div><\/div>\n<\/div>\n<\/div><\/div>\n<\/div>\n\t\t<\/div><!-- .section-content -->\n\n\t\t\n<style scope=\"scope\">\n\n#section_1959038152 {\n  padding-top: 40px;\n  padding-bottom: 40px;\n}\n<\/style>\n\t<\/section>\n\t\n","protected":false},"excerpt":{"rendered":"","protected":false},"author":2,"featured_media":0,"parent":0,"menu_order":0,"comment_status":"closed","ping_status":"closed","template":"page-blank.php","meta":{"footnotes":""},"yst_prominent_words":[],"acf":[],"_links":{"self":[{"href":"https:\/\/daiconstructions.com\/vi\/wp-json\/wp\/v2\/pages\/31"}],"collection":[{"href":"https:\/\/daiconstructions.com\/vi\/wp-json\/wp\/v2\/pages"}],"about":[{"href":"https:\/\/daiconstructions.com\/vi\/wp-json\/wp\/v2\/types\/page"}],"author":[{"embeddable":true,"href":"https:\/\/daiconstructions.com\/vi\/wp-json\/wp\/v2\/users\/2"}],"replies":[{"embeddable":true,"href":"https:\/\/daiconstructions.com\/vi\/wp-json\/wp\/v2\/comments?post=31"}],"version-history":[{"count":5,"href":"https:\/\/daiconstructions.com\/vi\/wp-json\/wp\/v2\/pages\/31\/revisions"}],"predecessor-version":[{"id":1183,"href":"https:\/\/daiconstructions.com\/vi\/wp-json\/wp\/v2\/pages\/31\/revisions\/1183"}],"wp:attachment":[{"href":"https:\/\/daiconstructions.com\/vi\/wp-json\/wp\/v2\/media?parent=31"}],"wp:term":[{"taxonomy":"yst_prominent_words","embeddable":true,"href":"https:\/\/daiconstructions.com\/vi\/wp-json\/wp\/v2\/yst_prominent_words?post=31"}],"curies":[{"name":"wp","href":"https:\/\/api.w.org\/{rel}","templated":true}]}}