{"id":2,"date":"2019-07-29T01:32:46","date_gmt":"2019-07-29T01:32:46","guid":{"rendered":"https:\/\/modeweltinstitute.com\/moneyland\/?page_id=2"},"modified":"2024-04-14T15:04:52","modified_gmt":"2024-04-14T08:04:52","slug":"trang-chu","status":"publish","type":"page","link":"https:\/\/daiconstructions.com\/vi\/","title":{"rendered":"Trang ch\u1ee7"},"content":{"rendered":"<div class=\"slider-wrapper relative\" id=\"slider-227793640\" >\n    <div class=\"slider slider-nav-dots-dashes-spaced slider-nav-simple slider-nav-normal slider-nav-light slider-style-normal\"\n        data-flickity-options='{\n            \"cellAlign\": \"center\",\n            \"imagesLoaded\": true,\n            \"lazyLoad\": 1,\n            \"freeScroll\": false,\n            \"wrapAround\": true,\n            \"autoPlay\": 6000,\n            \"pauseAutoPlayOnHover\" : true,\n            \"prevNextButtons\": true,\n            \"contain\" : true,\n            \"adaptiveHeight\" : true,\n            \"dragThreshold\" : 10,\n            \"percentPosition\": true,\n            \"pageDots\": true,\n            \"rightToLeft\": false,\n            \"draggable\": true,\n            \"selectedAttraction\": 0.1,\n            \"parallax\" : 0,\n            \"friction\": 0.6        }'\n        >\n        \n\t<div class=\"img has-hover x md-x lg-x y md-y lg-y\" id=\"image_512190066\">\n\t\t\t\t\t\t\t\t<div class=\"img-inner dark\" >\n\t\t\t<img loading=\"lazy\" decoding=\"async\" width=\"1536\" height=\"531\" src=\"https:\/\/daiconstructions.com\/vi\/wp-content\/uploads\/2024\/04\/sl1-min-1.jpg\" class=\"attachment-original size-original\" alt=\"\" srcset=\"https:\/\/daiconstructions.com\/vi\/wp-content\/uploads\/2024\/04\/sl1-min-1.jpg 1536w, https:\/\/daiconstructions.com\/vi\/wp-content\/uploads\/2024\/04\/sl1-min-1-300x104.jpg 300w, https:\/\/daiconstructions.com\/vi\/wp-content\/uploads\/2024\/04\/sl1-min-1-768x266.jpg 768w, https:\/\/daiconstructions.com\/vi\/wp-content\/uploads\/2024\/04\/sl1-min-1-1024x354.jpg 1024w\" sizes=\"(max-width: 1536px) 100vw, 1536px\" \/>\t\t\t\t\t\t\n\t\t\t\t\t<\/div>\n\t\t\t\t\t\t\t\t\n<style scope=\"scope\">\n\n#image_512190066 {\n  width: 100%;\n}\n<\/style>\n\t<\/div>\n\t\n\t<div class=\"img has-hover x md-x lg-x y md-y lg-y\" id=\"image_729420229\">\n\t\t\t\t\t\t\t\t<div class=\"img-inner dark\" >\n\t\t\t<img loading=\"lazy\" decoding=\"async\" width=\"1536\" height=\"531\" src=\"https:\/\/daiconstructions.com\/vi\/wp-content\/uploads\/2024\/04\/sl2-min-1.jpg\" class=\"attachment-original size-original\" alt=\"\" srcset=\"https:\/\/daiconstructions.com\/vi\/wp-content\/uploads\/2024\/04\/sl2-min-1.jpg 1536w, https:\/\/daiconstructions.com\/vi\/wp-content\/uploads\/2024\/04\/sl2-min-1-300x104.jpg 300w, https:\/\/daiconstructions.com\/vi\/wp-content\/uploads\/2024\/04\/sl2-min-1-768x266.jpg 768w, https:\/\/daiconstructions.com\/vi\/wp-content\/uploads\/2024\/04\/sl2-min-1-1024x354.jpg 1024w\" sizes=\"(max-width: 1536px) 100vw, 1536px\" \/>\t\t\t\t\t\t\n\t\t\t\t\t<\/div>\n\t\t\t\t\t\t\t\t\n<style scope=\"scope\">\n\n#image_729420229 {\n  width: 100%;\n}\n<\/style>\n\t<\/div>\n\t\n     <\/div>\n\n     <div class=\"loading-spin dark large centered\"><\/div>\n\n     <style scope=\"scope\">\n             <\/style>\n<\/div><!-- .ux-slider-wrapper -->\n\n\n\t<section class=\"section gioi-thieu-section\" id=\"section_248613752\">\n\t\t<div class=\"bg section-bg fill bg-fill  bg-loaded\" >\n\n\t\t\t\n\t\t\t\n\t\t\t\n\n\t\t<\/div><!-- .section-bg -->\n\n\t\t<div class=\"section-content relative\">\n\t\t\t\n<div class=\"row\"  id=\"row-523944937\">\n<div class=\"col small-12 large-12\"  ><div class=\"col-inner\"  >\n<h2 style=\"text-align: center;\"><span style=\"font-size: 130%; color: #fff;\">H&amp;D constructions<\/span><\/h2>\n<p style=\"text-align: center;\"><span style=\"font-size: 110%; color: #fff;\"><strong>H&amp;D constructions<\/strong> chuy\u00ean s\u1eeda ch\u1eefa nh\u00e0, ti\u1ec7m nails, nh\u00e0 h\u00e0ng v\u00e0 business.Ho\u00e0n t\u1ea5t basement, ph\u00f2ng kh\u00e1ch, nh\u00e0 t\u1eafm, sundesk, s\u01a1n trong ngo\u00e0i nh\u00e0,nh\u00e0 b\u1ebfp, t\u1ee7 b\u1ebfp, countertop, \u0111\u00e3 marble, granite, g\u1ea1ch, s\u00e0n g\u1ed7, c\u1ea7u thang, laminate, engineered hardwood flooring, window, door, c\u1eeda garage,casing, \u0111i\u1ec7n v\u00e0 n\u01b0\u1edbc crown moulding, baseboard panel, h\u00e0ng r\u00e0o c\u00e1c lo\u1ea1i\u00a0<\/p>\n<\/div><\/div>\n<\/div>\n\t\t<\/div><!-- .section-content -->\n\n\t\t\n<style scope=\"scope\">\n\n#section_248613752 {\n  padding-top: 45px;\n  padding-bottom: 45px;\n  background-color: rgb(38, 59, 145);\n}\n<\/style>\n\t<\/section>\n\t\n\t<section class=\"section tieuchi\" id=\"section_396902846\">\n\t\t<div class=\"bg section-bg fill bg-fill  bg-loaded\" >\n\n\t\t\t\n\t\t\t\n\t\t\t\n\n\t\t<\/div><!-- .section-bg -->\n\n\t\t<div class=\"section-content relative\">\n\t\t\t\n<div class=\"row\"  id=\"row-419053779\">\n<div class=\"col medium-4 small-12 large-4\"  ><div class=\"col-inner\"  >\n\n\t\t<div class=\"icon-box featured-box icon-box-center text-center\"  >\n\t\t\t\t\t<div class=\"icon-box-img\" style=\"width: 60px\">\n\t\t\t\t<div class=\"icon\">\n\t\t\t\t\t<div class=\"icon-inner\" >\n\t\t\t\t\t\t<img loading=\"lazy\" decoding=\"async\" width=\"80\" height=\"80\" src=\"https:\/\/daiconstructions.com\/vi\/wp-content\/uploads\/2019\/07\/bar-chart.png\" class=\"attachment-medium size-medium\" alt=\"\" \/>\t\t\t\t\t<\/div>\n\t\t\t\t<\/div>\n\t\t\t<\/div>\n\t\t\t\t<div class=\"icon-box-text last-reset\">\n\t\t\t\t\t\t\t\t\t\n<h3 style=\"text-align: center;\">T\u1ea7m nh\u00ecn Doanh nghi\u1ec7p<\/h3>\n<p style=\"text-align: center;\">Tr\u1edf th\u00e0nh m\u1ed9t trong nh\u1eefng Nh\u00e0 t\u01b0 v\u1ea5n, s\u1eeda ch\u1eefa nh\u00e0, c\u1eeda h\u00e0ng chuy\u00ean nghi\u1ec7p v\u00e0 uy t\u00edn nh\u1ea5t t\u1ea1i Vi\u1ec7t Nam<\/p>\n\t\t<\/div>\n\t<\/div><!-- .icon-box -->\n\t\n\t\n<\/div><\/div>\n<div class=\"col medium-4 small-12 large-4\"  ><div class=\"col-inner\"  >\n\n\t\t<div class=\"icon-box featured-box icon-box-center text-center\"  >\n\t\t\t\t\t<div class=\"icon-box-img\" style=\"width: 60px\">\n\t\t\t\t<div class=\"icon\">\n\t\t\t\t\t<div class=\"icon-inner\" >\n\t\t\t\t\t\t<img loading=\"lazy\" decoding=\"async\" width=\"80\" height=\"80\" src=\"https:\/\/daiconstructions.com\/vi\/wp-content\/uploads\/2019\/07\/contract.png\" class=\"attachment-medium size-medium\" alt=\"\" \/>\t\t\t\t\t<\/div>\n\t\t\t\t<\/div>\n\t\t\t<\/div>\n\t\t\t\t<div class=\"icon-box-text last-reset\">\n\t\t\t\t\t\t\t\t\t\n<h3 style=\"text-align: center;\">S\u1ee9 m\u1ec7nh c\u1ee7a ch\u00fang t\u00f4i<\/h3>\n<p style=\"text-align: center;\">L\u00e0 ch\u1ed7 \u0111\u00e1ng tin c\u1eadycho kh\u00e1ch h\u00e0ng, \u0111em l\u1ea1i nh\u1eefng s\u1ea3n ph\u1ea9m ho\u00e0n h\u1ea3o \u0111\u00e1p \u1ee9ng nhu c\u1ea7u c\u1ee7a kh\u00e1ch h\u00e0ng<\/p>\n\t\t<\/div>\n\t<\/div><!-- .icon-box -->\n\t\n\t\n<\/div><\/div>\n<div class=\"col medium-4 small-12 large-4\"  ><div class=\"col-inner\"  >\n\n\t\t<div class=\"icon-box featured-box icon-box-center text-center\"  >\n\t\t\t\t\t<div class=\"icon-box-img\" style=\"width: 60px\">\n\t\t\t\t<div class=\"icon\">\n\t\t\t\t\t<div class=\"icon-inner\" >\n\t\t\t\t\t\t<img loading=\"lazy\" decoding=\"async\" width=\"80\" height=\"80\" src=\"https:\/\/daiconstructions.com\/vi\/wp-content\/uploads\/2019\/07\/diamond.png\" class=\"attachment-medium size-medium\" alt=\"\" \/>\t\t\t\t\t<\/div>\n\t\t\t\t<\/div>\n\t\t\t<\/div>\n\t\t\t\t<div class=\"icon-box-text last-reset\">\n\t\t\t\t\t\t\t\t\t\n<h3 style=\"text-align: center;\">Gi\u00e1 tr\u1ecb c\u1ed1t l\u00f5i<\/h3>\n<p style=\"text-align: center;\">Ni\u1ec1m tin c\u1ee7a kh\u00e1ch h\u00e0ng l\u00e0 t\u00e0i s\u1ea3n v\u00f4 gi\u00e1! Ch\u00fang t\u00f4i lu\u00f4n t\u1eadn t\u00e2m v\u1edbi kh\u00e1ch h\u00e0ng, d\u00f9ng tr\u1ecdn ch\u1eef T\u00edn \u0111\u1ec3 t\u1ea1o d\u1ef1ng ni\u1ec1m tin n\u00e0y!<\/p>\n\t\t<\/div>\n\t<\/div><!-- .icon-box -->\n\t\n\t\n<\/div><\/div>\n<\/div>\n\t\t<\/div><!-- .section-content -->\n\n\t\t\n<style scope=\"scope\">\n\n#section_396902846 {\n  padding-top: 45px;\n  padding-bottom: 45px;\n}\n<\/style>\n\t<\/section>\n\t\n\t<section class=\"section has-parallax\" id=\"section_1780410363\">\n\t\t<div class=\"bg section-bg fill bg-fill  \" data-parallax-container=\".section\" data-parallax-background data-parallax=\"-8\">\n\n\t\t\t\n\t\t\t<div class=\"section-bg-overlay absolute fill\"><\/div>\n\t\t\t\n\n\t\t<\/div><!-- .section-bg -->\n\n\t\t<div class=\"section-content relative\">\n\t\t\t\n<div class=\"row\"  id=\"row-1590433628\">\n<div class=\"col small-12 large-12\"  ><div class=\"col-inner text-center\"  >\n<div class=\"gap-element clearfix\" style=\"display:block; height:auto; padding-top:30px\"><\/div>\n<div class=\"container section-title-container\" ><h2 class=\"section-title section-title-center\"><b><\/b><span class=\"section-title-main\" style=\"color:rgb(38, 59, 145);\">D\u1ecaCH V\u1ee4 C\u1ea2I T\u1ea0O C\u1ee6A CH\u00daNG T\u00d4I<\/span><b><\/b><\/h2><\/div><!-- .section-title -->\n<div class=\"row dichvu\"  id=\"row-1598034163\">\n<div class=\"col medium-4 small-12 large-4\"  ><div class=\"col-inner\"  >\n\t<div class=\"box has-hover   has-hover box-text-bottom\" >\n\n\t\t<div class=\"box-image\" >\n\t\t\t\t\t\t<div class=\"image-cover\" style=\"padding-top:75%;\">\n\t\t\t\t<img loading=\"lazy\" decoding=\"async\" width=\"800\" height=\"533\" src=\"https:\/\/daiconstructions.com\/vi\/wp-content\/uploads\/2024\/04\/what-is-a-basement-apartments-1.jpg\" class=\"attachment- size-\" alt=\"\" srcset=\"https:\/\/daiconstructions.com\/vi\/wp-content\/uploads\/2024\/04\/what-is-a-basement-apartments-1.jpg 800w, https:\/\/daiconstructions.com\/vi\/wp-content\/uploads\/2024\/04\/what-is-a-basement-apartments-1-300x200.jpg 300w, https:\/\/daiconstructions.com\/vi\/wp-content\/uploads\/2024\/04\/what-is-a-basement-apartments-1-768x512.jpg 768w\" sizes=\"(max-width: 800px) 100vw, 800px\" \/>\t\t\t\t\t\t\t\t\t\t\t<\/div>\n\t\t\t\t\t<\/div><!-- box-image -->\n\n\t\t<div class=\"box-text text-center\" >\n\t\t\t<div class=\"box-text-inner\">\n\t\t\t\t\n<h4>c\u1ea3i t\u1ea1o nh\u00e0 \u1edf<\/h4>\n<p>V\u1edbi s\u1ef1 ch\u00fa \u00fd t\u1ec9 m\u1ec9 \u0111\u1ebfn c\u00e1ch t\u1ed5 ch\u1ee9c v\u00e0 chi ti\u1ebft, nh\u00f3m c\u1ee7a ch\u00fang t\u00f4i t\u1ea1o ra nh\u1eefng kh\u00f4ng gian \u0111\u1ed9c \u0111\u00e1o v\u00e0 \u0111\u1ea7y c\u1ea3m h\u1ee9ng gi\u00fap bi\u1ebfn t\u1ea7m nh\u00ecn c\u1ee7a b\u1ea1n th\u00e0nh hi\u1ec7n th\u1ef1c.<\/p>\n\t\t\t<\/div><!-- box-text-inner -->\n\t\t<\/div><!-- box-text -->\n\t<\/div><!-- .box  -->\n\t\n<a href=\"https:\/\/daiconstructions.com\/vi\/cai-tao-nha-o\/\" target=\"_self\" class=\"button primary lowercase\"  style=\"border-radius:99px;\">\n    <span>Xem th\u00eam<\/span>\n  <\/a>\n\n<\/div><\/div>\n<div class=\"col medium-4 small-12 large-4\"  ><div class=\"col-inner\"  >\n\t<div class=\"box has-hover   has-hover box-text-bottom\" >\n\n\t\t<div class=\"box-image\" >\n\t\t\t\t\t\t<div class=\"image-cover\" style=\"padding-top:75%;\">\n\t\t\t\t<img loading=\"lazy\" decoding=\"async\" width=\"1360\" height=\"766\" src=\"https:\/\/daiconstructions.com\/vi\/wp-content\/uploads\/2024\/04\/435614844_2117444288604639_4173663083071223489_n.png\" class=\"attachment- size-\" alt=\"\" srcset=\"https:\/\/daiconstructions.com\/vi\/wp-content\/uploads\/2024\/04\/435614844_2117444288604639_4173663083071223489_n.png 1360w, https:\/\/daiconstructions.com\/vi\/wp-content\/uploads\/2024\/04\/435614844_2117444288604639_4173663083071223489_n-300x169.png 300w, https:\/\/daiconstructions.com\/vi\/wp-content\/uploads\/2024\/04\/435614844_2117444288604639_4173663083071223489_n-1024x577.png 1024w, https:\/\/daiconstructions.com\/vi\/wp-content\/uploads\/2024\/04\/435614844_2117444288604639_4173663083071223489_n-768x433.png 768w\" sizes=\"(max-width: 1360px) 100vw, 1360px\" \/>\t\t\t\t\t\t\t\t\t\t\t<\/div>\n\t\t\t\t\t<\/div><!-- box-image -->\n\n\t\t<div class=\"box-text text-center\" >\n\t\t\t<div class=\"box-text-inner\">\n\t\t\t\t\n<h4>c\u1ea3i t\u1ea1o nh\u00e0 h\u00e0ng<\/h4>\n<p>H\u00e3y tin t\u01b0\u1edfng v\u00e0o ch\u00fang t\u00f4i \u0111\u1ec3 c\u1eaft gi\u1ea3m \u0111\u00e1ng k\u1ec3 th\u1eddi gian ng\u1eebng ho\u1ea1t \u0111\u1ed9ng, \u0111\u1ed3ng th\u1eddi ki\u1ec3m so\u00e1t chi ph\u00ed c\u1ee7a b\u1ea1n v\u00e0 \u0111\u1ea1t \u0111\u01b0\u1ee3c k\u1ebft qu\u1ea3 chung \u0111\u1eb7c bi\u1ec7t.<\/p>\n\t\t\t<\/div><!-- box-text-inner -->\n\t\t<\/div><!-- box-text -->\n\t<\/div><!-- .box  -->\n\t\n<a href=\"https:\/\/daiconstructions.com\/vi\/cai-tao-nha-hang\/\" target=\"_self\" class=\"button primary lowercase\"  style=\"border-radius:99px;\">\n    <span>Xem th\u00eam<\/span>\n  <\/a>\n\n<\/div><\/div>\n<div class=\"col medium-4 small-12 large-4\"  ><div class=\"col-inner\"  >\n\t<div class=\"box has-hover   has-hover box-text-bottom\" >\n\n\t\t<div class=\"box-image\" >\n\t\t\t\t\t\t<div class=\"image-cover\" style=\"padding-top:75%;\">\n\t\t\t\t<img loading=\"lazy\" decoding=\"async\" width=\"2048\" height=\"1536\" src=\"https:\/\/daiconstructions.com\/vi\/wp-content\/uploads\/2024\/04\/438083866_906624677813005_3011851055309209092_n.jpg\" class=\"attachment- size-\" alt=\"\" srcset=\"https:\/\/daiconstructions.com\/vi\/wp-content\/uploads\/2024\/04\/438083866_906624677813005_3011851055309209092_n.jpg 2048w, https:\/\/daiconstructions.com\/vi\/wp-content\/uploads\/2024\/04\/438083866_906624677813005_3011851055309209092_n-300x225.jpg 300w, https:\/\/daiconstructions.com\/vi\/wp-content\/uploads\/2024\/04\/438083866_906624677813005_3011851055309209092_n-1024x768.jpg 1024w, https:\/\/daiconstructions.com\/vi\/wp-content\/uploads\/2024\/04\/438083866_906624677813005_3011851055309209092_n-768x576.jpg 768w, https:\/\/daiconstructions.com\/vi\/wp-content\/uploads\/2024\/04\/438083866_906624677813005_3011851055309209092_n-1536x1152.jpg 1536w\" sizes=\"(max-width: 2048px) 100vw, 2048px\" \/>\t\t\t\t\t\t\t\t\t\t\t<\/div>\n\t\t\t\t\t<\/div><!-- box-image -->\n\n\t\t<div class=\"box-text text-center\" >\n\t\t\t<div class=\"box-text-inner\">\n\t\t\t\t\n<h4>c\u1ea3i t\u1ea1o ti\u1ec7m nails<\/h4>\n<p>M\u1ed9t thi\u1ebft k\u1ebf ti\u1ec7m nail sang tr\u1ecdng v\u00e0 hi\u1ec7n \u0111\u1ea1i v\u1eeba th\u1ec3 hi\u1ec7n \u0111\u01b0\u1ee3c ch\u1ea5t l\u01b0\u1ee3ng c\u0169ng nh\u01b0 \u0111\u1eb3ng c\u1ea5p th\u01b0\u01a1ng hi\u1ec7u gi\u00fap thu h\u00fat s\u1ef1 quan t\u00e2m c\u1ee7a kh\u00e1ch h\u00e0ng<\/p>\n\t\t\t<\/div><!-- box-text-inner -->\n\t\t<\/div><!-- box-text -->\n\t<\/div><!-- .box  -->\n\t\n<a href=\"https:\/\/daiconstructions.com\/vi\/cai-tao-tiem-nails\/\" target=\"_self\" class=\"button primary lowercase\"  style=\"border-radius:99px;\">\n    <span>Xem th\u00eam<\/span>\n  <\/a>\n\n<\/div><\/div>\n\n<style scope=\"scope\">\n\n<\/style>\n<\/div>\n<\/div><\/div>\n<\/div>\n\t\t<\/div><!-- .section-content -->\n\n\t\t\n<style scope=\"scope\">\n\n#section_1780410363 {\n  padding-top: 45px;\n  padding-bottom: 45px;\n}\n#section_1780410363 .section-bg-overlay {\n  background-color: rgba(248, 242, 242, 0.74);\n}\n#section_1780410363 .section-bg.bg-loaded {\n  background-image: url(https:\/\/daiconstructions.com\/vi\/wp-content\/uploads\/2024\/04\/iStock-958616080-Copy_resize.jpg);\n}\n<\/style>\n\t<\/section>\n\t\n\t<section class=\"section video-section\" id=\"section_288582614\">\n\t\t<div class=\"bg section-bg fill bg-fill  \" >\n\n\t\t\t\n\t\t\t<div class=\"effect-sparkle bg-effect fill no-click\"><\/div>\n\t\t\t\n\n\t\t<\/div><!-- .section-bg -->\n\n\t\t<div class=\"section-content relative\">\n\t\t\t\n<div class=\"row\"  id=\"row-2120312096\">\n<div class=\"col small-12 large-12\"  ><div class=\"col-inner\"  >\n<div class=\"container section-title-container\" ><h2 class=\"section-title section-title-center\"><b><\/b><span class=\"section-title-main\" style=\"color:rgb(249, 251, 251);\">KH\u00c1CH H\u00c0NG c\u1ee7a ch\u00fang t\u00f4i<\/span><b><\/b><\/h2><\/div><!-- .section-title -->\n<div class=\"row\"  id=\"row-2045667415\">\n<div class=\"col medium-3 small-6 large-3\"  ><div class=\"col-inner\"  >\n\t<div class=\"img has-hover x md-x lg-x y md-y lg-y\" id=\"image_1846682416\">\n\t\t\t\t\t\t\t\t<div class=\"img-inner image-cover dark\" style=\"padding-top:75%;\">\n\t\t\t<img loading=\"lazy\" decoding=\"async\" width=\"600\" height=\"566\" src=\"https:\/\/daiconstructions.com\/vi\/wp-content\/uploads\/2024\/04\/z5346913163412_33d1320b6cd46f11f35bb8a7e8108f6f.jpg\" class=\"attachment-large size-large\" alt=\"\" srcset=\"https:\/\/daiconstructions.com\/vi\/wp-content\/uploads\/2024\/04\/z5346913163412_33d1320b6cd46f11f35bb8a7e8108f6f.jpg 600w, https:\/\/daiconstructions.com\/vi\/wp-content\/uploads\/2024\/04\/z5346913163412_33d1320b6cd46f11f35bb8a7e8108f6f-300x283.jpg 300w\" sizes=\"(max-width: 600px) 100vw, 600px\" \/>\t\t\t\t\t\t\n\t\t\t\t\t<\/div>\n\t\t\t\t\t\t\t\t\n<style scope=\"scope\">\n\n#image_1846682416 {\n  width: 100%;\n}\n<\/style>\n\t<\/div>\n\t\n<\/div><\/div>\n<div class=\"col medium-3 small-6 large-3\"  ><div class=\"col-inner\"  >\n\t<div class=\"img has-hover x md-x lg-x y md-y lg-y\" id=\"image_699386966\">\n\t\t\t\t\t\t\t\t<div class=\"img-inner image-cover dark\" style=\"padding-top:75%;\">\n\t\t\t<img loading=\"lazy\" decoding=\"async\" width=\"1020\" height=\"825\" src=\"https:\/\/daiconstructions.com\/vi\/wp-content\/uploads\/2024\/04\/z5346920649828_37016d2b898752667ea9f8614ad179d1-1024x828.jpg\" class=\"attachment-large size-large\" alt=\"\" srcset=\"https:\/\/daiconstructions.com\/vi\/wp-content\/uploads\/2024\/04\/z5346920649828_37016d2b898752667ea9f8614ad179d1-1024x828.jpg 1024w, https:\/\/daiconstructions.com\/vi\/wp-content\/uploads\/2024\/04\/z5346920649828_37016d2b898752667ea9f8614ad179d1-300x242.jpg 300w, https:\/\/daiconstructions.com\/vi\/wp-content\/uploads\/2024\/04\/z5346920649828_37016d2b898752667ea9f8614ad179d1-768x621.jpg 768w, https:\/\/daiconstructions.com\/vi\/wp-content\/uploads\/2024\/04\/z5346920649828_37016d2b898752667ea9f8614ad179d1.jpg 1496w\" sizes=\"(max-width: 1020px) 100vw, 1020px\" \/>\t\t\t\t\t\t\n\t\t\t\t\t<\/div>\n\t\t\t\t\t\t\t\t\n<style scope=\"scope\">\n\n#image_699386966 {\n  width: 100%;\n}\n<\/style>\n\t<\/div>\n\t\n<\/div><\/div>\n<div class=\"col medium-3 small-6 large-3\"  ><div class=\"col-inner\"  >\n\t<div class=\"img has-hover x md-x lg-x y md-y lg-y\" id=\"image_1943156741\">\n\t\t\t\t\t\t\t\t<div class=\"img-inner image-cover dark\" style=\"padding-top:75%;\">\n\t\t\t<img loading=\"lazy\" decoding=\"async\" width=\"1020\" height=\"825\" src=\"https:\/\/daiconstructions.com\/vi\/wp-content\/uploads\/2024\/04\/z5346923005927_6c8b16871a525128d5b3625b2fd2f8aa-1-1024x828.jpg\" class=\"attachment-large size-large\" alt=\"\" srcset=\"https:\/\/daiconstructions.com\/vi\/wp-content\/uploads\/2024\/04\/z5346923005927_6c8b16871a525128d5b3625b2fd2f8aa-1-1024x828.jpg 1024w, https:\/\/daiconstructions.com\/vi\/wp-content\/uploads\/2024\/04\/z5346923005927_6c8b16871a525128d5b3625b2fd2f8aa-1-300x242.jpg 300w, https:\/\/daiconstructions.com\/vi\/wp-content\/uploads\/2024\/04\/z5346923005927_6c8b16871a525128d5b3625b2fd2f8aa-1-768x621.jpg 768w, https:\/\/daiconstructions.com\/vi\/wp-content\/uploads\/2024\/04\/z5346923005927_6c8b16871a525128d5b3625b2fd2f8aa-1.jpg 1496w\" sizes=\"(max-width: 1020px) 100vw, 1020px\" \/>\t\t\t\t\t\t\n\t\t\t\t\t<\/div>\n\t\t\t\t\t\t\t\t\n<style scope=\"scope\">\n\n#image_1943156741 {\n  width: 100%;\n}\n<\/style>\n\t<\/div>\n\t\n<\/div><\/div>\n<div class=\"col medium-3 small-6 large-3\"  ><div class=\"col-inner\"  >\n\t<div class=\"img has-hover x md-x lg-x y md-y lg-y\" id=\"image_1088330361\">\n\t\t\t\t\t\t\t\t<div class=\"img-inner image-cover dark\" style=\"padding-top:75%;\">\n\t\t\t<img loading=\"lazy\" decoding=\"async\" width=\"1020\" height=\"825\" src=\"https:\/\/daiconstructions.com\/vi\/wp-content\/uploads\/2024\/04\/z5346925067727_9c15e82dd28c5c134cdb363d3eabd37f-1-1024x828.jpg\" class=\"attachment-large size-large\" alt=\"\" srcset=\"https:\/\/daiconstructions.com\/vi\/wp-content\/uploads\/2024\/04\/z5346925067727_9c15e82dd28c5c134cdb363d3eabd37f-1-1024x828.jpg 1024w, https:\/\/daiconstructions.com\/vi\/wp-content\/uploads\/2024\/04\/z5346925067727_9c15e82dd28c5c134cdb363d3eabd37f-1-300x242.jpg 300w, https:\/\/daiconstructions.com\/vi\/wp-content\/uploads\/2024\/04\/z5346925067727_9c15e82dd28c5c134cdb363d3eabd37f-1-768x621.jpg 768w, https:\/\/daiconstructions.com\/vi\/wp-content\/uploads\/2024\/04\/z5346925067727_9c15e82dd28c5c134cdb363d3eabd37f-1.jpg 1496w\" sizes=\"(max-width: 1020px) 100vw, 1020px\" \/>\t\t\t\t\t\t\n\t\t\t\t\t<\/div>\n\t\t\t\t\t\t\t\t\n<style scope=\"scope\">\n\n#image_1088330361 {\n  width: 100%;\n}\n<\/style>\n\t<\/div>\n\t\n<\/div><\/div>\n<\/div>\n<\/div><\/div>\n<\/div>\n\t\t<\/div><!-- .section-content -->\n\n\t\t\n<style scope=\"scope\">\n\n#section_288582614 {\n  padding-top: 42px;\n  padding-bottom: 42px;\n}\n#section_288582614 .section-bg.bg-loaded {\n  background-image: url(https:\/\/daiconstructions.com\/vi\/wp-content\/uploads\/2019\/07\/bg-video-section.jpg);\n}\n<\/style>\n\t<\/section>\n\t\n\t<section class=\"section lien-he-section dark\" id=\"section_236286177\">\n\t\t<div class=\"bg section-bg fill bg-fill  \" >\n\n\t\t\t\n\t\t\t<div class=\"section-bg-overlay absolute fill\"><\/div>\n\t\t\t\n\n\t\t<\/div><!-- .section-bg -->\n\n\t\t<div class=\"section-content relative\">\n\t\t\t\n<div class=\"row\"  id=\"row-1531136556\">\n<div class=\"col medium-6 small-12 large-6\"  ><div class=\"col-inner\"  >\n<div class=\"container section-title-container\" ><h2 class=\"section-title section-title-center\"><b><\/b><span class=\"section-title-main\" style=\"color:rgb(255, 255, 255);\">Li\u00ean h\u1ec7 v\u1edbi ch\u00fang t\u00f4i<\/span><b><\/b><\/h2><\/div><!-- .section-title -->\n<p>M\u1ecdi th\u00f4ng tin li\u00ean h\u1ec7, xin vui l\u00f2ng \u0111i\u1ec7n t\u1edbi s\u1ed1 hotline:<\/p>\n\n\t\t<div class=\"icon-box featured-box icon-box-left text-left\"  >\n\t\t\t\t\t<div class=\"icon-box-img\" style=\"width: 60px\">\n\t\t\t\t<div class=\"icon\">\n\t\t\t\t\t<div class=\"icon-inner\" >\n\t\t\t\t\t\t<img loading=\"lazy\" decoding=\"async\" width=\"100\" height=\"100\" src=\"https:\/\/daiconstructions.com\/vi\/wp-content\/uploads\/2019\/07\/phong-icon.png\" class=\"attachment-medium size-medium\" alt=\"\" \/>\t\t\t\t\t<\/div>\n\t\t\t\t<\/div>\n\t\t\t<\/div>\n\t\t\t\t<div class=\"icon-box-text last-reset\">\n\t\t\t\t\t\t\t\t\t\n<ul>\n<li class=\"bullet-star\"><span style=\"color: #ffffff;\"><a style=\"color: #ffffff;\" href=\"tel:778 6977889\"><b>778 697 7889<\/b><\/a><\/span><\/li>\n<li class=\"bullet-star\"><span style=\"color: #ffffff;\"><a style=\"color: #ffffff;\" href=\"mailto:hdv20188@gmail.com\"><b>hdv20188@gmail.com<\/b><\/a><\/span><\/li>\n<\/ul>\n\t\t<\/div>\n\t<\/div><!-- .icon-box -->\n\t\n\t\n<div class=\"gap-element clearfix\" style=\"display:block; height:auto; padding-top:12px\"><\/div>\n<\/div><\/div>\n<div class=\"col medium-6 small-12 large-6\"  ><div class=\"col-inner\"  >\n<div role=\"form\" class=\"wpcf7\" id=\"wpcf7-f348-o1\" lang=\"vi\" dir=\"ltr\">\n<div class=\"screen-reader-response\"><\/div>\n<form action=\"\/vi\/wp-json\/wp\/v2\/pages\/2#wpcf7-f348-o1\" method=\"post\" class=\"wpcf7-form\" novalidate=\"novalidate\">\n<div style=\"display: none;\">\n<input type=\"hidden\" name=\"_wpcf7\" value=\"348\" \/>\n<input type=\"hidden\" name=\"_wpcf7_version\" value=\"5.1.4\" \/>\n<input type=\"hidden\" name=\"_wpcf7_locale\" value=\"vi\" \/>\n<input type=\"hidden\" name=\"_wpcf7_unit_tag\" value=\"wpcf7-f348-o1\" \/>\n<input type=\"hidden\" name=\"_wpcf7_container_post\" value=\"0\" \/>\n<\/div>\n<p><span class=\"wpcf7-form-control-wrap text-546\"><input type=\"text\" name=\"text-546\" value=\"\" size=\"40\" class=\"wpcf7-form-control wpcf7-text wpcf7-validates-as-required\" aria-required=\"true\" aria-invalid=\"false\" placeholder=\"T\u00ean c\u1ee7a b\u1ea1n...\" \/><\/span><br \/>\n<span class=\"wpcf7-form-control-wrap tel-853\"><input type=\"tel\" name=\"tel-853\" value=\"\" size=\"40\" class=\"wpcf7-form-control wpcf7-text wpcf7-tel wpcf7-validates-as-required wpcf7-validates-as-tel\" aria-required=\"true\" aria-invalid=\"false\" placeholder=\"S\u1ed1 \u0111i\u1ec7n tho\u1ea1i...\" \/><\/span><br \/>\n<span class=\"wpcf7-form-control-wrap email-611\"><input type=\"email\" name=\"email-611\" value=\"\" size=\"40\" class=\"wpcf7-form-control wpcf7-text wpcf7-email wpcf7-validates-as-email\" aria-invalid=\"false\" placeholder=\"\u0110\u1ecba ch\u1ec9 email...\" \/><\/span><br \/>\n<span class=\"wpcf7-form-control-wrap textarea-364\"><textarea name=\"textarea-364\" cols=\"40\" rows=\"10\" class=\"wpcf7-form-control wpcf7-textarea\" aria-invalid=\"false\" placeholder=\"N\u1ed9i dung...\"><\/textarea><\/span><br \/>\n<input type=\"submit\" value=\"G\u1eedi li\u00ean h\u1ec7\" class=\"wpcf7-form-control wpcf7-submit\" \/><\/p>\n<div class=\"wpcf7-response-output wpcf7-display-none\"><\/div><\/form><\/div>\n<\/div><\/div>\n<\/div>\n\t\t<\/div><!-- .section-content -->\n\n\t\t\n<style scope=\"scope\">\n\n#section_236286177 {\n  padding-top: 50px;\n  padding-bottom: 50px;\n}\n#section_236286177 .section-bg-overlay {\n  background-color: rgba(38, 59, 145, 0.88);\n}\n#section_236286177 .section-bg.bg-loaded {\n  background-image: url(https:\/\/daiconstructions.com\/vi\/wp-content\/uploads\/2019\/07\/img01.jpg);\n}\n<\/style>\n\t<\/section>\n\t\n","protected":false},"excerpt":{"rendered":"","protected":false},"author":2,"featured_media":0,"parent":0,"menu_order":0,"comment_status":"closed","ping_status":"open","template":"page-blank.php","meta":{"footnotes":""},"yst_prominent_words":[],"acf":[],"_links":{"self":[{"href":"https:\/\/daiconstructions.com\/vi\/wp-json\/wp\/v2\/pages\/2"}],"collection":[{"href":"https:\/\/daiconstructions.com\/vi\/wp-json\/wp\/v2\/pages"}],"about":[{"href":"https:\/\/daiconstructions.com\/vi\/wp-json\/wp\/v2\/types\/page"}],"author":[{"embeddable":true,"href":"https:\/\/daiconstructions.com\/vi\/wp-json\/wp\/v2\/users\/2"}],"replies":[{"embeddable":true,"href":"https:\/\/daiconstructions.com\/vi\/wp-json\/wp\/v2\/comments?post=2"}],"version-history":[{"count":54,"href":"https:\/\/daiconstructions.com\/vi\/wp-json\/wp\/v2\/pages\/2\/revisions"}],"predecessor-version":[{"id":1248,"href":"https:\/\/daiconstructions.com\/vi\/wp-json\/wp\/v2\/pages\/2\/revisions\/1248"}],"wp:attachment":[{"href":"https:\/\/daiconstructions.com\/vi\/wp-json\/wp\/v2\/media?parent=2"}],"wp:term":[{"taxonomy":"yst_prominent_words","embeddable":true,"href":"https:\/\/daiconstructions.com\/vi\/wp-json\/wp\/v2\/yst_prominent_words?post=2"}],"curies":[{"name":"wp","href":"https:\/\/api.w.org\/{rel}","templated":true}]}}